{"id":63,"date":"2014-05-06T11:23:41","date_gmt":"2014-05-06T09:23:41","guid":{"rendered":"http:\/\/www.sarahs-crazy-things.de\/?page_id=63"},"modified":"2024-10-28T18:17:50","modified_gmt":"2024-10-28T17:17:50","slug":"impressum","status":"publish","type":"page","link":"http:\/\/www.sarahs-crazy-things.de\/?page_id=63","title":{"rendered":"Impressum"},"content":{"rendered":"<div style=\"text-align: left;\"><\/div>\n<div style=\"text-align: left;\"><\/div>\n<div style=\"text-align: left;\"><\/div>\n<div style=\"text-align: left;\"><b>Webseite<\/b><\/div>\n<div style=\"text-align: left;\"><\/div>\n<div style=\"text-align: left;\">\n<p><a href=\"http:\/\/www.sarahs-crazy-things.de\/\"><span style=\"color: #993366;\">http:\/\/www.sarahs-crazy-things.de\/<\/span><\/a><\/p>\n<\/div>\n<h1>Impressum<\/h1>\n<p>Angaben gem\u00e4\u00df \u00a7 5 TMG:<\/p>\n<p>Sarah M. H. Roeben<br \/>\nSchildberg 63<br \/>\n45475 M\u00fclheim an der Ruhr<\/p>\n<h2>Kontakt:<\/h2>\n<p>Ihr k\u00f6nnt mir jederzeit eine Email schicken.<\/p>\n<table>\n<tbody>\n<tr>\n<td>Telefon:<\/td>\n<td>\u00a0 \/<\/td>\n<\/tr>\n<tr>\n<td>Telefax:<\/td>\n<td>\u00a0 \/<\/td>\n<\/tr>\n<tr>\n<td>E-Mail:<\/td>\n<td>sarah@sarahs-crazy-things.de<\/td>\n<\/tr>\n<\/tbody>\n<\/table>\n<h2>Verantwortlich f\u00fcr den Inhalt nach \u00a7 55 Abs. 2 RStV:<\/h2>\n<p>Sarah M. H. Roeben<br \/>\nSchildberg 63<br \/>\n45475 M\u00fclheim an der Ruhr<\/p>\n<p>Quelle: <i>Erstellt mit dem <a href=\"http:\/\/www.e-recht24.de\/impressum-generator.html\" rel=\"nofollow\">Impressum-Generator Privatperson<\/a> von eRecht24.<\/i><\/p>\n<h1>Haftungsausschluss (Disclaimer)<\/h1>\n<p><strong>Haftung f\u00fcr Inhalte<\/strong><\/p>\n<p>Als Diensteanbieter sind wir gem\u00e4\u00df \u00a7 7 Abs.1 TMG f\u00fcr eigene Inhalte auf diesen Seiten nach den allgemeinen Gesetzen verantwortlich. Nach \u00a7\u00a7 8 bis 10 TMG sind wir als Diensteanbieter jedoch nicht verpflichtet, \u00fcbermittelte oder gespeicherte fremde Informationen zu \u00fcberwachen oder nach Umst\u00e4nden zu forschen, die auf eine rechtswidrige T\u00e4tigkeit hinweisen.<\/p>\n<p>Verpflichtungen zur Entfernung oder Sperrung der Nutzung von Informationen nach den allgemeinen Gesetzen bleiben hiervon unber\u00fchrt. Eine diesbez\u00fcgliche Haftung ist jedoch erst ab dem Zeitpunkt der Kenntnis einer konkreten Rechtsverletzung m\u00f6glich. Bei Bekanntwerd<\/p>\n<p><strong>Haftung f\u00fcr Links<\/strong><\/p>\n<p>Unser Angebot enth\u00e4lt Links zu externen Webseiten Dritter, auf deren Inhalte wir keinen Einfluss haben. Deshalb k\u00f6nnen wir f\u00fcr diese fremden Inhalte auch keine Gew\u00e4hr \u00fcbernehmen. F\u00fcr die Inhalte der verlinkten Seiten ist stets der jeweilige Anbieter oder Betreiber der Seiten verantwortlich. Die verlinkten Seiten wurden zum Zeitpunkt der Verlinkung auf m\u00f6gliche Rechtsverst\u00f6\u00dfe \u00fcberpr\u00fcft. Rechtswidrige Inhalte waren zum Zeitpunkt der Verlinkung nicht erkennbar.<\/p>\n<p>Eine permanente inhaltliche Kontrolle der verlinkten Seiten ist jedoch ohne konkrete Anhaltspunkte einer Rechtsverletzung nicht zumutbar. Bei Bekanntwerden von Rechtsverletzungen werden wir derartige Links umgehend entfernen.<\/p>\n<p><strong>Urheberrecht<\/strong><\/p>\n<p>Die durch die Seitenbetreiber erstellten Inhalte und Werke auf diesen Seiten unterliegen dem deutschen Urheberrecht. Die Vervielf\u00e4ltigung, Bearbeitung, Verbreitung und jede Art der Verwertung au\u00dferhalb der Grenzen des Urheberrechtes bed\u00fcrfen der schriftlichen Zustimmung des jeweiligen Autors bzw. Erstellers. Downloads und Kopien dieser Seite sind nur f\u00fcr den privaten, nicht kommerziellen Gebrauch gestattet.<\/p>\n<p>Soweit die Inhalte auf dieser Seite nicht vom Betreiber erstellt wurden, werden die Urheberrechte Dritter beachtet. Insbesondere werden Inhalte Dritter als solche gekennzeichnet. Sollten Sie trotzdem auf eine Urheberrechtsverletzung aufmerksam werden, bitten wir um einen entsprechenden Hinweis. Bei Bekanntwerden von Rechtsverletzungen werden wir derartige Inhalte umgehend entfernen.<\/p>\n<p><i>Quellenangaben: <a href=\"http:\/\/www.e-recht24.de\/\" target=\"_blank\" rel=\"nofollow noopener\">eRecht24<\/a>, <a href=\"http:\/\/www.e-recht24.de\/muster-disclaimer.html\" target=\"_blank\" rel=\"nofollow noopener\">eRecht24 muster-disclaimer<\/a><\/i><\/p>\n<p>&nbsp;<\/p>\n","protected":false},"excerpt":{"rendered":"<p>Webseite http:\/\/www.sarahs-crazy-things.de\/ Impressum Angaben gem\u00e4\u00df \u00a7 5 TMG: Sarah M. H. Roeben Schildberg 63 45475 M\u00fclheim an der Ruhr Kontakt:<\/p>\n","protected":false},"author":1,"featured_media":0,"parent":0,"menu_order":0,"comment_status":"closed","ping_status":"closed","template":"","meta":{"_exactmetrics_skip_tracking":false,"_exactmetrics_sitenote_active":false,"_exactmetrics_sitenote_note":"","_exactmetrics_sitenote_category":0,"footnotes":""},"class_list":["post-63","page","type-page","status-publish","hentry"],"_links":{"self":[{"href":"http:\/\/www.sarahs-crazy-things.de\/index.php?rest_route=\/wp\/v2\/pages\/63"}],"collection":[{"href":"http:\/\/www.sarahs-crazy-things.de\/index.php?rest_route=\/wp\/v2\/pages"}],"about":[{"href":"http:\/\/www.sarahs-crazy-things.de\/index.php?rest_route=\/wp\/v2\/types\/page"}],"author":[{"embeddable":true,"href":"http:\/\/www.sarahs-crazy-things.de\/index.php?rest_route=\/wp\/v2\/users\/1"}],"replies":[{"embeddable":true,"href":"http:\/\/www.sarahs-crazy-things.de\/index.php?rest_route=%2Fwp%2Fv2%2Fcomments&post=63"}],"version-history":[{"count":28,"href":"http:\/\/www.sarahs-crazy-things.de\/index.php?rest_route=\/wp\/v2\/pages\/63\/revisions"}],"predecessor-version":[{"id":4107,"href":"http:\/\/www.sarahs-crazy-things.de\/index.php?rest_route=\/wp\/v2\/pages\/63\/revisions\/4107"}],"wp:attachment":[{"href":"http:\/\/www.sarahs-crazy-things.de\/index.php?rest_route=%2Fwp%2Fv2%2Fmedia&parent=63"}],"curies":[{"name":"wp","href":"https:\/\/api.w.org\/{rel}","templated":true}]}}