{"id":297,"date":"2014-06-01T22:22:08","date_gmt":"2014-06-01T20:22:08","guid":{"rendered":"http:\/\/www.sarahs-crazy-things.de\/?page_id=297"},"modified":"2018-05-27T11:07:00","modified_gmt":"2018-05-27T09:07:00","slug":"kuechenkunde","status":"publish","type":"page","link":"http:\/\/www.sarahs-crazy-things.de\/?page_id=297","title":{"rendered":"K\u00fcchenkunde"},"content":{"rendered":"<p style=\"text-align: center;\">Wie lange muss Sahne eigentlich ger\u00fchrt werden?<\/p>\n<p style=\"text-align: center;\">Wann sehe ich das mein Kuchen fertig gebacken ist?<\/p>\n<p style=\"text-align: center;\">Was sind Toppings?<\/p>\n<p style=\"text-align: center;\">Wie lassen sich Backzeremonien in die richtige Reihenfolge bringen?<\/p>\n<p style=\"text-align: center;\">&#8230; etc.<\/p>\n<p style=\"text-align: center;\">Hier erfahrt Ihr allerlei aus meiner K\u00fcche!<\/p>\n<p style=\"text-align: center;\"><img loading=\"lazy\" decoding=\"async\" class=\"alignnone wp-image-2609\" src=\"http:\/\/www.sarahs-crazy-things.de\/wp-content\/uploads\/2014\/06\/K\u00fcchenutensilien.jpg\" alt=\"K\u00fcchenutensilien\" width=\"570\" height=\"378\" srcset=\"http:\/\/www.sarahs-crazy-things.de\/wp-content\/uploads\/2014\/06\/K\u00fcchenutensilien.jpg 800w, http:\/\/www.sarahs-crazy-things.de\/wp-content\/uploads\/2014\/06\/K\u00fcchenutensilien-300x199.jpg 300w\" sizes=\"(max-width: 570px) 100vw, 570px\" \/><\/p>\n<p><span style=\"color: #800080;\"><strong><span style=\"color: #4e0275;\">&#8230; Die Pl\u00e4tzchen l\u00f6sen sich nicht vom Backblech?<\/span><\/strong><\/span><\/p>\n<p>Das Blech noch einmal kurz in den Backofen schieben und die Pl\u00e4tzchen dann sofort vom Kuchenblech l\u00f6sen.<\/p>\n<p><span style=\"color: #4e0275;\"><strong>&#8230; der Kuchen l\u00e4sst sich nicht st\u00fcrzen?<\/strong><\/span><\/p>\n<p>Die Form mehrmals mit einem nassen, kalten Tuch bedecken.<\/p>\n<p><span style=\"color: #4e0275;\"><strong>&#8230; der Pudding ist angebrannt?<\/strong><\/span><\/p>\n<p>Sofort ohne Umr\u00fchren in einen anderen Topf umf\u00fcllen und fertig kochen. Damit es gar nicht erst passsiert, der Pudding brennt nicht an, wenn man den Topfboden vorher mit Butter einfettet.<\/p>\n<p><span style=\"color: #4e0275;\"><strong>&#8230; klebrige Spaghetti?<\/strong><\/span><\/p>\n<p>Die Spaghetti nach dem Kochen gleich mit hei\u00dfem Wasser \u00fcbergie\u00dfen oder die zusammengeklebten Spaghetti in ein Sieb geben und anschlie\u00dfend \u00fcber Wasserdampf erw\u00e4rmen<\/p>\n<p><span style=\"color: #4e0275;\"><strong>&#8230; wenn der Eischnee nicht fest wird?<\/strong><\/span><\/p>\n<p>Nicht gegl\u00fcckter Eischnee l\u00e4sst sich manchmal retten, in dem man ein paar Tropfen Zitronensaft oder eine Prise Salz hinzuf\u00fcgt. Wenn der Eischnee schon zu warm ist, sollte er noch einmal im Gefrierfach (geht am schnellsten) gek\u00fchlt werden. F\u00fcr Eiwei\u00df das mit Eigelb &#8218;verunreinigt&#8216; ist, kommt leider jede Hilfe zu sp\u00e4t, hier m\u00fcsst ihr noch einmal von vorne anfangen. Da nur mit klarem Eiwei\u00df Eischnee entsteht.<\/p>\n<p><span style=\"color: #4e0275;\"><strong>&#8230; wenn der Kuchen zu trocken ist?<\/strong><\/span><\/p>\n<p>Einfach mit einem Holzst\u00e4bchen mehrere kleine L\u00f6cher in den Kuchen stechen und anschlie\u00dfend mit Fruchtsaft oder auch Lik\u00f6r (passend zum Kuchen-Rezept) betr\u00e4ufeln.<\/p>\n<p><span style=\"color: #4e0275;\"><strong>&#8230; wenn R\u00fchrteig gerinnt?<\/strong><\/span><\/p>\n<p>Eier und Butter sollten rechtzeitig aus dem K\u00fchlschrank genommen werden, sonst kann die Butter-Zucker-Creme gerinnen. Ist der Kuchenteig bereits geronnen, k\u00f6nnt ihr die R\u00fchrsch\u00fcssel in ein warmes Wasserbad stellen und den Teig wieder glatt r\u00fchren.<\/p>\n<p><span style=\"color: #4e0275;\"><strong>&#8230; Kl\u00fcmpchen in der Geleespeise?<\/strong><\/span><\/p>\n<p>Erw\u00e4rmt die Speise langsam unter st\u00e4ndigem R\u00fchren, die Kl\u00fcmpchen l\u00f6sen sich mit der Zeit ganz von selbst auf.<\/p>\n<p><span style=\"color: #4e0275;\"><strong>&#8230; zu d\u00fcnne So\u00dfe?<\/strong><\/span><\/p>\n<p>Eine Scheibe Brot entrinden, in die So\u00dfe geben und etwa zehn Minuten mitkochen. Anschlie\u00dfend das Brot herausnehmen oder untermischen.<\/p>\n<p><span style=\"color: #4e0275;\"><strong>&#8230; versalzene Suppe?<\/strong><\/span><\/p>\n<p>Einfach\u00a0 Kartoffelw\u00fcrfel in die Suppe oder den Eintopf geben und erneut aufkochen lassen. Anschlie\u00dfend die Kartoffelst\u00fccke entnehmen.<\/p>\n<p><span style=\"color: #4e0275;\"><strong>\u00a0Zitronen auspressen &#8230;<\/strong><\/span><\/p>\n<p>F\u00fcr kleine Mengen einfach ein paar L\u00f6cher mit einem Zahnstocher oder einer Gabe in die Zitrone pieksen und die Zitrone auspressen soviel man an Saft braucht.<\/p>\n<p>F\u00fcr gr\u00f6\u00dfere Mengen, die Zitrone vorher kr\u00e4ftig auf einen festen Untergrund rollen und dann wie gewohnt auspressen.<\/p>\n<p><strong><span style=\"color: #4e0275;\">Erdbeeren putzen &#8230;<\/span><br \/>\n<\/strong><\/p>\n<p><span class=\"field-content\">Die Erdbeeren unbedingt vor und nicht nach dem Putzen waschen, da die Fr\u00fcchte sonst verw\u00e4ssern.<br \/>\n<\/span><span class=\"field-content\">Von unten einen stabilen Strohhalm durch die Erdbeere stecken und solange schieben bis dieser ganz durch die Erdebeere hindurch ist, auf diese Weise bleibt der Kelch\u00a0inklusive der Bl\u00e4tter im Strohhalm stecken. Geht schnell und man schafft fix eine gro\u00dfe Menge.<\/span><\/p>\n<p><span style=\"color: #4e0275;\"><strong>Milch kocht nicht \u00fcber &#8230;<\/strong><\/span><\/p>\n<div class=\"separator\"><span class=\"Apple-style-span\"><span class=\"Apple-style-span\">Einfach einen Kochl\u00f6ffel \u00fcber die Pfanne oder den Topf legen. Die Milch steigt zwar auf, bricht aber beim Kochl\u00f6ffel und f\u00e4llt zur\u00fcck in den Topf.\u00a0<\/span><\/span><\/div>\n<div class=\"separator\"><\/div>\n<div class=\"separator\"><span data-reactid=\".1a.1:5:1:$comment465474863610844_472342532924077:0.0.$right.0.$left.0.0.1\"><span data-ft=\"{&quot;tn&quot;:&quot;K&quot;}\" data-reactid=\".1a.1:5:1:$comment465474863610844_472342532924077:0.0.$right.0.$left.0.0.1.$comment-body\"><span class=\"UFICommentBody\" data-reactid=\".1a.1:5:1:$comment465474863610844_472342532924077:0.0.$right.0.$left.0.0.1.$comment-body.0\"><span data-reactid=\".1a.1:5:1:$comment465474863610844_472342532924077:0.0.$right.0.$left.0.0.1.$comment-body.0.$end:0:$text0:0\">&#8230; wenn man vor der Milch einen schu\u00df Wasser in den Topf einf\u00fcllt.<\/span><\/span><\/span><\/span><\/div>\n<p><span style=\"color: #4e0275;\"><strong>Garprobe beim backen&#8230;<\/strong><\/span><\/p>\n<p>Die Garprobe beim Kuchen macht man mit einem Holzst\u00e4bchen.<br \/>\nMit dem St\u00e4bchen in den kuchen stechen und wieder rausziehen, bleibt Teig daran h\u00e4ngen ist der Kuchen noch nicht gar.<\/p>\n<p><span style=\"color: #4e0275;\"><strong>die Backzeit&#8230;<\/strong><\/span><\/p>\n<p>Wenn gro\u00dfe Kuchen gebacken werden, darf die Ofent\u00fcr in den ersten 30Minuten nicht ge\u00f6ffnet werden. Der Kuchen w\u00fcrde sonst zusammenfallen.<\/p>\n<p><span style=\"color: #4e0275;\"><strong>klare Eisw\u00fcrfel&#8230;<\/strong><\/span><\/p>\n<p>Eisw\u00fcrfel werden besonders klar wenn man kohlens\u00e4urearmes oder entkalktes Wasser verwendet wird.<br \/>\nEine toller Blickfang gibt es bei Getr\u00e4nken, wenn man kleine fr\u00fcchte in die Eisw\u00fcrfel einfriert.<\/p>\n<p><span style=\"color: #4e0275;\"><strong>frische Hefe&#8230;<\/strong><\/span><\/p>\n<p>Frische Hefe sollte k\u00fchl und trocken gelagert werden.<br \/>\nDie Triebhaft testet man indem man ein kleines St\u00fcck in hei\u00dfes Wasser gibt. Sinkt es zu Boden ist sie alt und solte entsorgt werden.<\/p>\n<p><span style=\"color: #4e0275;\"><strong>saubere Knethaken&#8230;<\/strong><\/span><\/p>\n<p>Teig bleibt an den Knethaken nicht h\u00e4ngen, wenn sie vorher mit etwas \u00d6l eingerieben werden.<\/p>\n<p style=\"text-align: center;\"><span style=\"color: #4e0275;\">\u00a0&#8212;&#8212;&#8212;&#8212;&#8212;&#8212;&#8212;&#8212;&#8212;&#8212;&#8212;&#8212;&#8212;&#8212;&#8212;&#8212;&#8212;&#8212;&#8212;&#8212;&#8212;&#8212;&#8212;&#8212;&#8212;&#8212;-<\/span><\/p>\n<p data-canvas-width=\"127.67220584401184\"><span style=\"color: #4e0275;\"><strong>Welches \u00d6l wof\u00fcr?<\/strong><\/span><\/p>\n<p><span style=\"color: #4e0275;\">F\u00fcr Rohkost (kaltgepresst und unraffiniert):<\/span><\/p>\n<p>\u2022Lein\u00f6l<br \/>\n\u2022Raps\u00f6l<br \/>\n\u2022Hanf\u00f6l<br \/>\n\u2022Walnuss\u00f6l<\/p>\n<p><span style=\"color: #4e0275;\">Zum Braten:<\/span><\/p>\n<p>\u2022Raps\u00f6l<br \/>\n\u2022Oliven\u00f6l<br \/>\n\u2022High Oleic Sonnenblumen\u00f6l<\/p>\n<p><span style=\"color: #4e0275;\">Zum Frittieren:<\/span><\/p>\n<p>\u2022Erdnuss\u00f6l<br \/>\n\u2022Palm\u00f6l<br \/>\n\u2022Kokosfett<\/p>\n<p><span style=\"color: #4e0275;\">&#8230;<\/span><\/p>\n<p>&nbsp;<\/p>\n<address><em>Quellen: WorldWideWeb, diverse B\u00fccher, mein Wissen<\/em><\/address>\n","protected":false},"excerpt":{"rendered":"<p>Wie lange muss Sahne eigentlich ger\u00fchrt werden? Wann sehe ich das mein Kuchen fertig gebacken ist? Was sind Toppings? Wie<\/p>\n","protected":false},"author":1,"featured_media":0,"parent":0,"menu_order":0,"comment_status":"closed","ping_status":"closed","template":"","meta":{"_exactmetrics_skip_tracking":false,"_exactmetrics_sitenote_active":false,"_exactmetrics_sitenote_note":"","_exactmetrics_sitenote_category":0,"footnotes":""},"class_list":["post-297","page","type-page","status-publish","hentry"],"_links":{"self":[{"href":"http:\/\/www.sarahs-crazy-things.de\/index.php?rest_route=\/wp\/v2\/pages\/297"}],"collection":[{"href":"http:\/\/www.sarahs-crazy-things.de\/index.php?rest_route=\/wp\/v2\/pages"}],"about":[{"href":"http:\/\/www.sarahs-crazy-things.de\/index.php?rest_route=\/wp\/v2\/types\/page"}],"author":[{"embeddable":true,"href":"http:\/\/www.sarahs-crazy-things.de\/index.php?rest_route=\/wp\/v2\/users\/1"}],"replies":[{"embeddable":true,"href":"http:\/\/www.sarahs-crazy-things.de\/index.php?rest_route=%2Fwp%2Fv2%2Fcomments&post=297"}],"version-history":[{"count":20,"href":"http:\/\/www.sarahs-crazy-things.de\/index.php?rest_route=\/wp\/v2\/pages\/297\/revisions"}],"predecessor-version":[{"id":2679,"href":"http:\/\/www.sarahs-crazy-things.de\/index.php?rest_route=\/wp\/v2\/pages\/297\/revisions\/2679"}],"wp:attachment":[{"href":"http:\/\/www.sarahs-crazy-things.de\/index.php?rest_route=%2Fwp%2Fv2%2Fmedia&parent=297"}],"curies":[{"name":"wp","href":"https:\/\/api.w.org\/{rel}","templated":true}]}}