{"id":2840,"date":"2016-01-24T00:41:22","date_gmt":"2016-01-23T23:41:22","guid":{"rendered":"http:\/\/www.sarahs-crazy-things.de\/?page_id=2840"},"modified":"2018-05-27T11:07:17","modified_gmt":"2018-05-27T09:07:17","slug":"kraeuterkunde-heilpflanzenheilkraeuter","status":"publish","type":"page","link":"http:\/\/www.sarahs-crazy-things.de\/?page_id=2840","title":{"rendered":"Kr\u00e4uterkunde &#8211; Heilpflanzen\/Heilkr\u00e4uter"},"content":{"rendered":"<p style=\"text-align: center;\">Diese Seite ist noch im Aufbau,<br \/>\nich freue mich euch aber schon einige Pflanzen und Kr\u00e4uter zeigen zu k\u00f6nnen.<br \/>\nWenn Ihr noch Ideen, etc. habt, dann schreibt diese mir gerne in den Kommentaren.<\/p>\n<p style=\"text-align: center;\"><img loading=\"lazy\" decoding=\"async\" class=\"alignnone size-full wp-image-2843 aligncenter\" src=\"http:\/\/www.sarahs-crazy-things.de\/wp-content\/uploads\/2016\/01\/kr\u00e4uterkunde.jpg\" alt=\"kr\u00e4uterkunde\" width=\"922\" height=\"469\" srcset=\"http:\/\/www.sarahs-crazy-things.de\/wp-content\/uploads\/2016\/01\/kr\u00e4uterkunde.jpg 922w, http:\/\/www.sarahs-crazy-things.de\/wp-content\/uploads\/2016\/01\/kr\u00e4uterkunde-300x153.jpg 300w, http:\/\/www.sarahs-crazy-things.de\/wp-content\/uploads\/2016\/01\/kr\u00e4uterkunde-768x391.jpg 768w\" sizes=\"(max-width: 922px) 100vw, 922px\" \/><\/p>\n<p style=\"text-align: center;\"><span style=\"text-decoration: underline; color: #7100e2;\">Anisfr\u00fcchte<\/span>\u00a0(PIMPINELLA ANISUM)<\/p>\n<p style=\"text-align: center;\">Heilwirkung:\u00a0antibakteriell, beruhigend, entspannend, harntreibend, krampfl\u00f6send, schleiml\u00f6send, tonisierend, w\u00e4rmend<br \/>\nAnwendungsbereich:\u00a0Husten, Asthma, Bl\u00e4hungen, Bronchitis, Darmkr\u00e4mpfe, Durchfall, Halsschmerzen, Kopfschmerzen, Magenkr\u00e4mpfe, Schlaflosigkeit, Schluckauf, Verdauungsschw\u00e4che<\/p>\n<p style=\"text-align: center;\">Zubereitungsform:\u00a0Tee, Tinktur, Bonbons, Geb\u00e4ck<\/p>\n<p style=\"text-align: center;\">Inhaltsstoff: \u00e4therisches \u00d6l<br \/>\nverwendete Pflanzenteile: Fr\u00fcchte (sehen aus wie Samen)<br \/>\nNebenwirkung:\u00a0allergische Reaktionen der Haut<\/p>\n<p style=\"text-align: center;\">Sammelzeit: (Fr\u00fch)Herbst<\/p>\n<p style=\"text-align: center;\"><span style=\"text-decoration: underline; color: #7100e2;\">Angelika<\/span>\u00a0 (ANGELICA ARCHANGELICA)<\/p>\n<p style=\"text-align: center;\">Heilwirkung:\u00a0Antiseptisch, abwehrsteigernd, auswurff\u00f6rdernd, entz\u00fcndungshemmend, kraftspendend, krampfl\u00f6send, schleiml\u00f6send<br \/>\nAnwendungsbereich: Verdauungsschw\u00e4che, Erk\u00e4ltung, Ersch\u00f6pfung, Husten, Kreislaufschw\u00e4che, Menstruationsbeschwerden, Migr\u00e4ne, Wechseljahresbeschwerden<\/p>\n<p style=\"text-align: center;\">Zubereitungsform:\u00a0Tee, Tinktur, Magenbitter, Salbe<\/p>\n<p style=\"text-align: center;\">Inhaltsstoff: \u00e4therisches \u00d6l<br \/>\nverwendete Pflanzenteile: Wurzel, Bl\u00e4tter, Samen<br \/>\nNebenwirkung:\u00a0Hautentz\u00fcndungen,\u00a0Nervenl\u00e4hmungen<\/p>\n<p style=\"text-align: center;\">Sammelzeit: (Sp\u00e4t)Herbst<\/p>\n<p style=\"text-align: center;\"><span style=\"text-decoration: underline; color: #7100e2;\">Arnika<\/span>\u00a0(ARNICA MONTANA)<\/p>\n<p style=\"text-align: center;\">Heilwirkung:\u00a0entz\u00fcndungshemmend,\u00a0antibakteriell,\u00a0blutreinigend,\u00a0krampfl\u00f6send,\u00a0schmerzstillend<br \/>\nAnwendungsbereich: <strong>nur \u00e4u\u00dferliche Anwendung, nicht auf offene Wunden<\/strong> &#8211; Bluterg\u00fcsse, Prellungen, Rheuma<\/p>\n<p style=\"text-align: center;\">Zubereitungsform: Tinktur, Kompresse<\/p>\n<p style=\"text-align: center;\">Inhaltsstoff:\u00a0\u00e4therisches \u00d6l<br \/>\nverwendete Pflanzenteile: Bl\u00fcten, Wurzel (selten)<br \/>\nNebenwirkung:\u00a0innerlichen Anwendung der Pflanze &#8211; Vergiftungserscheinungen Schwindel, Herzjagen, Benommenheit, Atemnot,\u00a0Herzkreislaufstillstand<\/p>\n<p style=\"text-align: center;\">Sammelzeit: Juli\/August<\/p>\n<p style=\"text-align: center;\"><span style=\"text-decoration: underline;\"><span style=\"color: #7100e2; text-decoration: underline;\">Aloe<\/span><\/span> (ALOE VERA)<\/p>\n<p style=\"text-align: center;\">Heilwirkung: entz\u00fcndungshemmend, reizmildernd<br \/>\nAnwendungsbereich: Sonnenbrand, Juckreiz, Akne, Hautunreinheit,<\/p>\n<p style=\"text-align: center;\">Zubereitungsform: Gel aus den Bl\u00e4ttern<\/p>\n<p style=\"text-align: center;\">Inhaltsstoff: Wasser, Enzyme, Mineralien<br \/>\nverwendete Pflanzenteile: das Gel in den Bl\u00e4ttern<br \/>\nNebenwirkung: kann stark abf\u00fchrend wirken (besonders das Harz &#8211; gelblicher Saft)<\/p>\n<p style=\"text-align: center;\">Sammelzeit: wenn die Bl\u00e4tter gro\u00df genug sind<\/p>\n<div style=\"text-align: center;\">\n<p><span style=\"text-decoration: underline; color: #7100e2;\">Baldrianwurzel<\/span>\u00a0(VALERIANA OFFICINALIS)<\/p>\n<p style=\"text-align: center;\">Heilwirkung:\u00a0beruhigend,\u00a0entspannend,\u00a0konzentrationsf\u00f6rdernd,\u00a0krampfl\u00f6send,\u00a0schlaff\u00f6rdernd<br \/>\nAnwendungsbereich:\u00a0Schlafst\u00f6rungen,\u00a0Kopfschmerzen,\u00a0Kr\u00e4mpfe,\u00a0Magenkr\u00e4mpfe,\u00a0Nervosit\u00e4t<\/p>\n<p style=\"text-align: center;\">Zubereitungsform: Tee, \u00e4therisches \u00d6l, Dragees, Kapseln, Tropfen<\/p>\n<p style=\"text-align: center;\">Inhaltsstoff:\u00a0\u00e4therisches \u00d6l<br \/>\nverwendete Pflanzenteile:\u00a0Wurzeln, evtl. Bl\u00fcten<br \/>\nNebenwirkung:\u00a0Zittern, M\u00fcdigkeit, Magenbeschwerden<\/p>\n<p style=\"text-align: center;\">Sammelzeit: Juli\/August, Oktober<\/p>\n<p><span style=\"text-decoration: underline; color: #7100e2;\">B\u00e4rentraubenbl\u00e4tter<\/span>\u00a0(ARCTOSTAPHYLUS UVA-URSI)<\/p>\n<p>Heilwirkung:\u00a0adstringierend,\u00a0antibakteriell,\u00a0harntreibend<br \/>\nAnwendungsbereich: Blasenentz\u00fcndung, Vitamin C \u00a0Mangel, Kopfschmerzen,\u00a0Durchfall<\/p>\n<p style=\"text-align: center;\">Zubereitungsform: Tee &#8211;\u00a0nicht l\u00e4nger als eine Woche &#8211; mind.\u00a0vier\u00a0Wochen Pause<\/p>\n<p style=\"text-align: center;\">Inhaltsstoff:\u00a0Flavonoide<br \/>\nverwendete Pflanzenteile: Bl\u00e4tter<br \/>\nNebenwirkung: \u00dcbelkeit,\u00a0Brechreiz, Verstopfung<\/p>\n<p style=\"text-align: center;\">Sammelzeit:\u00a0Sommer-Herbst<\/p>\n<p><span style=\"text-decoration: underline; color: #7100e2;\">Birkenbl\u00e4tter<\/span>\u00a0(BETULA ALBA)<\/p>\n<p style=\"text-align: center;\">Heilwirkung:\u00a0blutreinigend, entz\u00fcndungshemmend, galletreibend, harntreibend<br \/>\nAnwendungsbereich:\u00a0Fr\u00fchjahrsm\u00fcdigkeit, Allergien, Blasenentz\u00fcndung, Durchfall,\u00a0Juckreiz, Haarausfall, Hautprobleme<\/p>\n<p style=\"text-align: center;\">Zubereitungsform:\u00a0Tee, Tinktur, frischer Saft<\/p>\n<p style=\"text-align: center;\">Inhaltsstoff:\u00a0\u00e4therisches \u00d6l<br \/>\nverwendete Pflanzenteile:\u00a0Bl\u00e4tter,\u00a0Blattknospen,\u00a0Saft<br \/>\nNebenwirkung: f\u00fcr Allergiker ungeeignet<\/p>\n<p style=\"text-align: center;\">Sammelzeit: M\u00e4rz-Juni<\/p>\n<p><span style=\"text-decoration: underline; color: #7100e2;\">Brennnesselkraut<\/span>\u00a0(URTICA DIOICA)<\/p>\n<p>Heilwirkung:\u00a0Blutreinigend, blutbildend, entz\u00fcndungshemmend, harntreibend<br \/>\nAnwendungsbereich:\u00a0Nierenschw\u00e4che, \u00dcbergewicht,\u00a0Verstopfung,\u00a0Durchfall,\u00a0Magenschw\u00e4che<\/p>\n<p style=\"text-align: center;\">Zubereitungsform: Tee, Tinktur<\/p>\n<p style=\"text-align: center;\">Inhaltsstoff: Flavonoide<br \/>\nverwendete Pflanzenteile:\u00a0Das ganze Kraut, Samen, Wurzel<br \/>\nNebenwirkung: Magen- und Darmbeschwerden, Nierensch\u00e4digung,\u00a0Hautausschl\u00e4ge<\/p>\n<p style=\"text-align: center;\">Sammelzeit:\u00a0M\u00e4rz bis August, Samen: (Fr\u00fch)Herbst<\/p>\n<p><span style=\"color: #7100e2;\"><span style=\"text-decoration: underline;\">Echter K\u00fcmmel<\/span>\u00a0<\/span>(CARVUM CARVI)<\/p>\n<p>Heilwirkung:\u00a0bl\u00e4hungswidrig,\u00a0durchblutungsf\u00f6rdernd, entspannend,\u00a0anregend,\u00a0antibakteriell,\u00a0krampfl\u00f6send,\u00a0menstruationsf\u00f6rdernd,\u00a0milchbildungsf\u00f6rdend<br \/>\nAnwendungsbereich: Bl\u00e4hungen, Kr\u00e4mpfe, Durchfall, Koliken, Geburt<\/p>\n<p>Zubereitungsform: Tee, Z\u00e4pfchen (f\u00fcr Babys), Tinktur<\/p>\n<p>Inhaltsstoff: \u00e4therisches \u00d6l<br \/>\nverwendete Pflanzenteile:\u00a0Fr\u00fcchte (Samen), Bl\u00e4tter, Wurzel<br \/>\nNebenwirkung:<\/p>\n<p>Sammelzeit: Juli bis August<\/p>\n<p><span style=\"text-decoration: underline; color: #7100e2;\">Eibischwurzel<\/span><span style=\"color: #7100e2;\">\u00a0<\/span>(ALTHAEA OFFICINALIS)<\/p>\n<p>Heilwirkung:\u00a0beruhigend,\u00a0blutstillend,\u00a0entz\u00fcndungshemmend,\u00a0erweichend,\u00a0harntreibend<br \/>\nAnwendungsbereich:\u00a0Halsentz\u00fcndungen,\u00a0Heiserkeit,\u00a0Erk\u00e4ltungen<\/p>\n<p style=\"text-align: center;\">Zubereitungsform: Tee<\/p>\n<p style=\"text-align: center;\">Inhaltsstoff:\u00a0\u00e4therisches \u00d6l<br \/>\nverwendete Pflanzenteile: Wurzel, Bl\u00e4tter, Bl\u00fcten<br \/>\nNebenwirkung: allergische Hautreaktionen<\/p>\n<p style=\"text-align: center;\">Sammelzeit: Wurzel: September bis November<\/p>\n<p style=\"text-align: center;\"><span style=\"text-decoration: underline; color: #7100e2;\">Eichenrinde<\/span>\u00a0(QUERCUS ROBUR)<\/p>\n<p>Heilwirkung: antibakteriell, blutstillend, entz\u00fcndungshemmend<br \/>\nAnwendungsbereich: Halsschmerzen, Durchfall, Zahnfleischbluten<\/p>\n<p style=\"text-align: center;\">Zubereitungsform: Tee, Tinktur<\/p>\n<p style=\"text-align: center;\">Inhaltsstoff: Gerbstoff<br \/>\nverwendete Pflanzenteile:\u00a0Rinde, Eicheln<br \/>\nNebenwirkung: \u00a0m\u00f6gliche Magenbeschwerden, nicht bei gr\u00f6\u00dferen Hautverletzungen anwenden<\/p>\n<p style=\"text-align: center;\">Sammelzeit: Rinde: M\u00e4rz bis Mai &#8211; Eicheln: Oktober<\/p>\n<p style=\"text-align: center;\"><span style=\"text-decoration: underline; color: #7100e2;\">Enzianwurzel<\/span>\u00a0(GENTIANA LUTEA)<\/p>\n<p style=\"text-align: center;\">Bitte NICHT selber Sammeln, vom Aussterben bedroht!<\/p>\n<p>Heilwirkung: antibakteriell, appetitanregend<br \/>\nAnwendungsbereich: Fieber, Herzbeschwerden, M\u00fcdigkeit, Schnupfen<\/p>\n<p style=\"text-align: center;\">Zubereitungsform: Tee, Tinktur<\/p>\n<p style=\"text-align: center;\">Inhaltsstoff: Gerbstoff<br \/>\nverwendete Pflanzenteile: Wurzel<br \/>\nNebenwirkung: kann Kopfschmerzen ausl\u00f6sen<\/p>\n<p style=\"text-align: center;\">Sammelzeit: M\u00e4rz, April, August, September<\/p>\n<p style=\"text-align: center;\">\u00a0<span style=\"text-decoration: underline; color: #7100e2;\">Fenchelfr\u00fcchte<\/span>\u00a0(FOENICULUM VULGARE)<\/p>\n<p>Heilwirkung:\u00a0antibakteriell,\u00a0entspannend,\u00a0harntreibend,\u00a0krampfl\u00f6send,\u00a0schleiml\u00f6send,\u00a0tonisierend<br \/>\nAnwendungsbereich: Bl\u00e4hungen, Husten<\/p>\n<p style=\"text-align: center;\">Zubereitungsform:\u00a0Tee, Tinktur, Honig, \u00c4therisches \u00d6l<\/p>\n<p style=\"text-align: center;\">Inhaltsstoff:\u00a0\u00e4therisches \u00d6l<br \/>\nverwendete Pflanzenteile:\u00a0Fr\u00fcchte (Samen), Wurzel<br \/>\nNebenwirkung:\u00a0allergischen Reaktionen der Haut und der Atemwege<\/p>\n<p style=\"text-align: center;\">Sammelzeit: (Fr\u00fch)Herbst<\/p>\n<p style=\"text-align: center;\"><span style=\"text-decoration: underline; color: #7100e2;\">Flohsamen<\/span>\u00a0(PLANTAGO AFRA)<\/p>\n<p>Heilwirkung: entz\u00fcndungshemmend, lindernd, verdauungsf\u00f6rdernd, blutzuckersenkend<br \/>\nAnwendungsbereich: \u00a0Hautbeschwerden, Verstopfung, Durchfall,<\/p>\n<p style=\"text-align: center;\">Zubereitungsform:\u00a0Man verwendet entweder die gesamten Samen oder nur die Flohsamenschalen<\/p>\n<p style=\"text-align: center;\">Inhaltsstoff: Schleimstoffe<br \/>\nverwendete Pflanzenteile: Samen<br \/>\nNebenwirkung:\u00a0Flohsamen immer mit viel Fl\u00fcssigkeit einnehmen (au\u00dfer bei Verstopfung\/Durchfall, mit bedacht einnehmen), da es ansonsten zu einem Darmverschluss kommen kann. Nicht mit Milch einnehmen, da er dann nicht auf quillt<\/p>\n<p style=\"text-align: center;\">Sammelzeit: Juli &#8211; September<\/p>\n<p><span style=\"text-decoration: underline; color: #7100e2;\">Gew\u00fcrznelken<\/span> (SYZYGIUM AROMATICUM; CARYOPHYLLUS AROMATICUS)<\/p>\n<p>Heilwirkung: antibakteriell, beruhigend, krampfl\u00f6send, schmerzstillend, schwei\u00dftreibend<br \/>\nAnwendungsbereich: Erbrechen, Mundgeruch, Zahnschmerzen, Verstopfung<\/p>\n<p style=\"text-align: center;\">Zubereitungsform: Tee, Tinktur, Knospe ansich<\/p>\n<p style=\"text-align: center;\">Inhaltsstoff: \u00e4therisches \u00d6l<br \/>\nverwendete Pflanzenteile: Bl\u00fctenknospen<br \/>\nNebenwirkung: Augenkontakt\u00a0vermeiden, Nelken\u00f6l nicht auf Wunden oder Schleimh\u00e4ute auftragen<\/p>\n<p style=\"text-align: center;\">Sammelzeit: \/<\/p>\n<p style=\"text-align: center;\"><span style=\"text-decoration: underline; color: #7100e2;\">Hagebuttenfr\u00fcchte<\/span><\/p>\n<p style=\"text-align: left;\">Heilwirkung:<br \/>\nAnwendungsbereich:<\/p>\n<p style=\"text-align: left;\">Zubereitungsform:<\/p>\n<p style=\"text-align: left;\">Inhaltsstoff:<br \/>\nverwendete Pflanzenteile:<br \/>\nNebenwirkung:<\/p>\n<p style=\"text-align: left;\">Sammelzeit:<\/p>\n<p><span style=\"text-decoration: underline; color: #7100e2;\">Heidelbeeren\u00a0<\/span><\/p>\n<p style=\"text-align: left;\">Heilwirkung:<br \/>\nAnwendungsbereich:<\/p>\n<p style=\"text-align: left;\">Zubereitungsform:<\/p>\n<p style=\"text-align: left;\">Inhaltsstoff:<br \/>\nverwendete Pflanzenteile:<br \/>\nNebenwirkung:<\/p>\n<p style=\"text-align: left;\">Sammelzeit:<\/p>\n<p><span style=\"text-decoration: underline; color: #7100e2;\">Holunderbl\u00fcten<\/span><\/p>\n<p style=\"text-align: left;\">Heilwirkung:<br \/>\nAnwendungsbereich:<\/p>\n<p style=\"text-align: left;\">Zubereitungsform:<\/p>\n<p style=\"text-align: left;\">Inhaltsstoff:<br \/>\nverwendete Pflanzenteile:<br \/>\nNebenwirkung:<\/p>\n<p style=\"text-align: left;\">Sammelzeit:<\/p>\n<\/div>\n<p id=\"cc-m-9838597194\" style=\"text-align: center;\"><span style=\"text-decoration: underline; color: #7100e2;\">Hopfenzapfen<\/span><\/p>\n<p style=\"text-align: left;\">Heilwirkung:<br \/>\nAnwendungsbereich:<\/p>\n<p style=\"text-align: left;\">Zubereitungsform:<\/p>\n<p style=\"text-align: left;\">Inhaltsstoff:<br \/>\nverwendete Pflanzenteile:<br \/>\nNebenwirkung:<\/p>\n<p style=\"text-align: left;\">Sammelzeit:<\/p>\n<p style=\"text-align: center;\"><span style=\"text-decoration: underline; color: #7100e2;\">Kamillenbl\u00fcten<\/span>\u00a0(MATRICARIA CHAMOMILLA)<\/p>\n<p style=\"text-align: center;\">\u00a0Heilwirkung:\u00a0ANtibakteriell, austrocknend, beruhigend, entz\u00fcndungshemmend, harntreibend, krampfl\u00f6send, schmerzlindernd<br \/>\nAnwendungsbereich:\u00a0Verdauungsbeschwerden, Erk\u00e4ltung, Stress<\/p>\n<p style=\"text-align: center;\">Zubereitungsform:\u00a0Tee, Tinktur, Creme<\/p>\n<p style=\"text-align: center;\">Inhaltsstoff:\u00a0\u00e4therisches \u00d6l<br \/>\nverwendete Pflanzenteile:\u00a0Bl\u00fcten<br \/>\nNebenwirkung: Darf nicht in die Augen gelangen!<\/p>\n<p style=\"text-align: center;\">Sammelzeit:\u00a0Mai bis Juli<\/p>\n<p style=\"text-align: center;\"><span style=\"text-decoration: underline; color: #7100e2;\">K\u00fcrbissamen<\/span><\/p>\n<p style=\"text-align: left;\">Heilwirkung:<br \/>\nAnwendungsbereich:<\/p>\n<p style=\"text-align: left;\">Zubereitungsform:<\/p>\n<p style=\"text-align: left;\">Inhaltsstoff:<br \/>\nverwendete Pflanzenteile:<br \/>\nNebenwirkung:<\/p>\n<p style=\"text-align: left;\">Sammelzeit:<\/p>\n<p style=\"text-align: center;\"><span style=\"text-decoration: underline; color: #7100e2;\">Lavendelbl\u00fcten<\/span> (LAVENDULA OFFICINALIS)<\/p>\n<p style=\"text-align: center;\">Heilwirkung:\u00a0antiseptisch, beruhigend, bl\u00e4hungstreibend, harntreibend, krampfl\u00f6send<br \/>\nAnwendungsbereich:\u00a0Bluthochdruck,\u00a0Husten, Kopfschmerzen,\u00a0Magenkr\u00e4mpfe, Migr\u00e4ne,\u00a0Schlaflosigkeit<\/p>\n<p style=\"text-align: center;\">Zubereitungsform: Tee, Creme, \u00e4therisches \u00d6l, Kissen, Tinktur<\/p>\n<p style=\"text-align: center;\">Inhaltsstoff: \u00e4therisches \u00d6l<br \/>\nverwendete Pflanzenteile: Bl\u00fcten<br \/>\nNebenwirkung: bei Dauerhafter Anwendung kann es zu Kopfschmerzen kommen, bitte nur unter \u00c4rztlicher Aufsicht. Das \u00d6l kann zu einer Allergischen Reaktion f\u00fchren.<\/p>\n<p style=\"text-align: center;\">Sammelzeit: Juli bis August<\/p>\n<p style=\"text-align: center;\"><span style=\"text-decoration: underline; color: #7100e2;\">Leinsamen<\/span><\/p>\n<p style=\"text-align: left;\">Heilwirkung:<br \/>\nAnwendungsbereich:<\/p>\n<p style=\"text-align: left;\">Zubereitungsform:<\/p>\n<p style=\"text-align: left;\">Inhaltsstoff:<br \/>\nverwendete Pflanzenteile:<br \/>\nNebenwirkung:<\/p>\n<p style=\"text-align: left;\">Sammelzeit:<\/p>\n<p style=\"text-align: center;\"><span style=\"text-decoration: underline; color: #7100e2;\">Lindenbl\u00fcten<\/span><\/p>\n<p>Heilwirkung:<br \/>\nAnwendungsbereich:<\/p>\n<p>Zubereitungsform:<\/p>\n<p>Inhaltsstoff:<br \/>\nverwendete Pflanzenteile:<br \/>\nNebenwirkung:<\/p>\n<p>Sammelzeit:<\/p>\n<p style=\"text-align: center;\"><span style=\"text-decoration: underline; color: #7100e2;\">L\u00f6wenzahnwurzel mit Kraut<\/span><\/p>\n<p>Heilwirkung:<br \/>\nAnwendungsbereich:<\/p>\n<p>Zubereitungsform:<\/p>\n<p>Inhaltsstoff:<br \/>\nverwendete Pflanzenteile:<br \/>\nNebenwirkung:<\/p>\n<p>Sammelzeit:<\/p>\n<p style=\"text-align: center;\"><span style=\"text-decoration: underline; color: #7100e2;\">Malvenbl\u00fcten<\/span><\/p>\n<p>Heilwirkung:<br \/>\nAnwendungsbereich:<\/p>\n<p>Zubereitungsform:<\/p>\n<p>Inhaltsstoff:<br \/>\nverwendete Pflanzenteile:<br \/>\nNebenwirkung:<\/p>\n<p>Sammelzeit:<\/p>\n<p style=\"text-align: center;\"><span style=\"text-decoration: underline; color: #7100e2;\">Melissenbl\u00e4tter<\/span><\/p>\n<p>Heilwirkung:<br \/>\nAnwendungsbereich:<\/p>\n<p>Zubereitungsform:<\/p>\n<p>Inhaltsstoff:<br \/>\nverwendete Pflanzenteile:<br \/>\nNebenwirkung:<\/p>\n<p>Sammelzeit:<\/p>\n<p style=\"text-align: center;\"><span style=\"text-decoration: underline; color: #7100e2;\">Mistelkraut<\/span><\/p>\n<p>Heilwirkung:<br \/>\nAnwendungsbereich:<\/p>\n<p>Zubereitungsform:<\/p>\n<p>Inhaltsstoff:<br \/>\nverwendete Pflanzenteile:<br \/>\nNebenwirkung:<\/p>\n<p>Sammelzeit:<\/p>\n<p style=\"text-align: center;\"><span style=\"text-decoration: underline; color: #7100e2;\">Pfefferminzbl\u00e4tter<\/span><\/p>\n<p>Heilwirkung:<br \/>\nAnwendungsbereich:<\/p>\n<p>Zubereitungsform:<\/p>\n<p>Inhaltsstoff:<br \/>\nverwendete Pflanzenteile:<br \/>\nNebenwirkung:<\/p>\n<p>Sammelzeit:<\/p>\n<p style=\"text-align: center;\"><span style=\"text-decoration: underline; color: #7100e2;\">\u00a0Primelwurzel\u00a0<\/span><\/p>\n<p>Heilwirkung:<br \/>\nAnwendungsbereich:<\/p>\n<p>Zubereitungsform:<\/p>\n<p>Inhaltsstoff:<br \/>\nverwendete Pflanzenteile:<br \/>\nNebenwirkung:<\/p>\n<p>Sammelzeit:<\/p>\n<p style=\"text-align: center;\"><span style=\"text-decoration: underline; color: #7100e2;\">Ringelblumenbl\u00fcten<\/span>\u00a0(CALENDULA OFFICINALIS)<\/p>\n<p style=\"text-align: center;\">Heilwirkung:\u00a0abschwellend,\u00a0antibakteriell, entz\u00fcndungshemmend, krampfl\u00f6send<br \/>\nAnwendungsbereich:\u00a0Hautprobleme, Verdauungsbeschwerden<\/p>\n<p style=\"text-align: center;\">Zubereitungsform: Tee, Salbe,<\/p>\n<p style=\"text-align: center;\">Inhaltsstoff: \u00e4therisches \u00d6l<br \/>\nverwendete Pflanzenteile: Bl\u00fcten<br \/>\nNebenwirkung: Juckreiz, R\u00f6tung<\/p>\n<p style=\"text-align: center;\">Sammelzeit: Juni bis Oktober<\/p>\n<div>\n<p style=\"text-align: center;\"><span style=\"text-decoration: underline; color: #7100e2;\">Rosmarinbl\u00e4tter<\/span><\/p>\n<p>Heilwirkung:<br \/>\nAnwendungsbereich:<\/p>\n<p>Zubereitungsform:<\/p>\n<p>Inhaltsstoff:<br \/>\nverwendete Pflanzenteile:<br \/>\nNebenwirkung:<\/p>\n<p>Sammelzeit:<\/p>\n<p style=\"text-align: center;\"><span style=\"text-decoration: underline; color: #7100e2;\">Salbeibl\u00e4tter<\/span>\u00a0(SALVIA OFFICINALIS)<\/p>\n<p style=\"text-align: center;\">Heilwirkung:\u00a0antibakteriell, blutstillend, entz\u00fcndungshemmend, krampfl\u00f6send, schwei\u00dfhemmend<br \/>\nAnwendungsbereich:\u00a0Halsschmerzen, Schwitzen, Erk\u00e4ltung<\/p>\n<p style=\"text-align: center;\">Zubereitungsform:\u00a0Tee, Tinktur, \u00c4therisches \u00d6l, Bonbons<\/p>\n<p style=\"text-align: center;\">Inhaltsstoff: \u00e4therisches \u00d6l<br \/>\nverwendete Pflanzenteile:\u00a0Bl\u00e4tter<br \/>\nNebenwirkung:\u00a0Das \u00e4therische Salbei\u00f6l kann bei entsprechend empfindlichen Menschen epileptische Anf\u00e4lle ausl\u00f6sen!<\/p>\n<p style=\"text-align: center;\">Sammelzeit:\u00a0Mai oder September (vor oder nach der Bl\u00fcte)<\/p>\n<p style=\"text-align: center;\"><span style=\"text-decoration: underline; color: #7100e2;\">Schachtelhalmkraut<\/span><\/p>\n<p>Heilwirkung:<br \/>\nAnwendungsbereich:<\/p>\n<p>Zubereitungsform:<\/p>\n<p>Inhaltsstoff:<br \/>\nverwendete Pflanzenteile:<br \/>\nNebenwirkung:<\/p>\n<p>Sammelzeit:<\/p>\n<p style=\"text-align: center;\"><span style=\"text-decoration: underline; color: #7100e2;\">Schafgarbenkraut<\/span><\/p>\n<p>Heilwirkung:<br \/>\nAnwendungsbereich:<\/p>\n<p>Zubereitungsform:<\/p>\n<p>Inhaltsstoff:<br \/>\nverwendete Pflanzenteile:<br \/>\nNebenwirkung:<\/p>\n<p>Sammelzeit:<\/p>\n<p style=\"text-align: center;\"><span style=\"text-decoration: underline; color: #7100e2;\">Spitzwegerichkraut<\/span><\/p>\n<p style=\"text-align: left;\">Heilwirkung:<br \/>\nAnwendungsbereich:<\/p>\n<p style=\"text-align: left;\">Zubereitungsform:<\/p>\n<p style=\"text-align: left;\">Inhaltsstoff:<br \/>\nverwendete Pflanzenteile:<br \/>\nNebenwirkung:<\/p>\n<p style=\"text-align: left;\">Sammelzeit:<\/p>\n<p style=\"text-align: center;\"><span style=\"text-decoration: underline; color: #7100e2;\">S\u00fc\u00dfholzwurzel<\/span><\/p>\n<p>Heilwirkung:<br \/>\nAnwendungsbereich:<\/p>\n<p>Zubereitungsform:<\/p>\n<p>Inhaltsstoff:<br \/>\nverwendete Pflanzenteile:<br \/>\nNebenwirkung:<\/p>\n<p>Sammelzeit:<\/p>\n<p style=\"text-align: center;\"><span style=\"text-decoration: underline; color: #7100e2;\">Tausendg\u00fcldenkraut<\/span><\/p>\n<p>Heilwirkung:<br \/>\nAnwendungsbereich:<\/p>\n<p>Zubereitungsform:<\/p>\n<p>Inhaltsstoff:<br \/>\nverwendete Pflanzenteile:<br \/>\nNebenwirkung:<\/p>\n<p>Sammelzeit:<\/p>\n<p style=\"text-align: center;\"><span style=\"text-decoration: underline; color: #7100e2;\">Thymiankraut<\/span>\u00a0(THYMUS VULGARIS)<\/p>\n<p style=\"text-align: center;\">Heilwirkung: krampfl\u00f6send, schleiml\u00f6send, entz\u00fcndungshemmend<br \/>\nAnwendungsbereich:\u00a0Husten, Bronchitis, Halsentz\u00fcndungen,\u00a0Menstruationsst\u00f6rungen<\/p>\n<p style=\"text-align: center;\">Zubereitungsform: Gew\u00fcrz, Tee, Sirup<\/p>\n<p style=\"text-align: center;\">Inhaltsstoff: \u00e4therisches \u00d6l<br \/>\nverwendete Pflanzenteile: Bl\u00e4tter<br \/>\nNebenwirkung:\u00a0In der Schwangerschaft oder Stillzeit nur nach R\u00fccksprache mit einem Arzt verwenden.<br \/>\nEs kann zu allergischen Reaktionen kommen.<\/p>\n<p style=\"text-align: center;\">Sammelzeit: April bis Oktober<\/p>\n<p style=\"text-align: center;\"><span style=\"text-decoration: underline; color: #7100e2;\">Wachholderbeeren<\/span><\/p>\n<p style=\"text-align: left;\">Heilwirkung:<br \/>\nAnwendungsbereich:<\/p>\n<p style=\"text-align: left;\">Zubereitungsform:<\/p>\n<p style=\"text-align: left;\">Inhaltsstoff:<br \/>\nverwendete Pflanzenteile:<br \/>\nNebenwirkung:<\/p>\n<p style=\"text-align: left;\">Sammelzeit:<\/p>\n<p style=\"text-align: center;\"><span style=\"text-decoration: underline; color: #7100e2;\">Wei\u00dfdornbl\u00e4tter mit Bl\u00fcten<\/span><\/p>\n<p style=\"text-align: left;\">Heilwirkung:<br \/>\nAnwendungsbereich:<\/p>\n<p style=\"text-align: left;\">Zubereitungsform:<\/p>\n<p style=\"text-align: left;\">Inhaltsstoff:<br \/>\nverwendete Pflanzenteile:<br \/>\nNebenwirkung:<\/p>\n<p style=\"text-align: left;\">Sammelzeit:<\/p>\n<p style=\"text-align: center;\"><span style=\"text-decoration: underline; color: #7100e2;\">Wermutkraut<\/span><\/p>\n<p style=\"text-align: left;\">Heilwirkung:<br \/>\nAnwendungsbereich:<\/p>\n<p style=\"text-align: left;\">Zubereitungsform:<\/p>\n<p style=\"text-align: left;\">Inhaltsstoff:<br \/>\nverwendete Pflanzenteile:<br \/>\nNebenwirkung:<\/p>\n<p style=\"text-align: left;\">Sammelzeit:<\/p>\n<p style=\"text-align: center;\"><span style=\"text-decoration: underline; color: #7100e2;\">Zwiebel<\/span> (ALLIUM CEPA)<\/p>\n<p style=\"text-align: center;\">Heilwirkung: antibakteriell, entz\u00fcndungshemmend, krampfl\u00f6send, schleiml\u00f6send<br \/>\nAnwendungsbereich: Blutdruck, Angina, HNO-Beschwerden, Infektionen<\/p>\n<p style=\"text-align: center;\">Zubereitungsform: Getr\u00e4nk, Speisen, Kompressen<\/p>\n<p style=\"text-align: center;\">Inhaltsstoff: \u00e4therisches \u00d6l<br \/>\nverwendete Pflanzenteile: Knolle<br \/>\nNebenwirkung: \/<\/p>\n<p style=\"text-align: center;\">Sammelzeit: August bis Oktober<\/p>\n<hr \/>\n<blockquote>\n<p style=\"text-align: center;\"><span style=\"color: #ff0000;\"><b>Frage Deinen Arzt oder Apotheker<\/b><\/span><br \/>\n<span style=\"color: #ff0000;\"> Der Besuch dieser Seite kann nicht den Besuch beim Arzt ersetzen.<\/span><br \/>\n<span style=\"color: #ff0000;\"> Ziehe bei ernsthaften oder unklaren Beschwerden unbedingt Deinen Arzt zu Rate.<\/span><\/p>\n<\/blockquote>\n<\/div>\n","protected":false},"excerpt":{"rendered":"<p>Diese Seite ist noch im Aufbau, ich freue mich euch aber schon einige Pflanzen und Kr\u00e4uter zeigen zu k\u00f6nnen. Wenn<\/p>\n","protected":false},"author":1,"featured_media":0,"parent":0,"menu_order":0,"comment_status":"closed","ping_status":"closed","template":"","meta":{"_exactmetrics_skip_tracking":false,"_exactmetrics_sitenote_active":false,"_exactmetrics_sitenote_note":"","_exactmetrics_sitenote_category":0,"footnotes":""},"class_list":["post-2840","page","type-page","status-publish","hentry"],"_links":{"self":[{"href":"http:\/\/www.sarahs-crazy-things.de\/index.php?rest_route=\/wp\/v2\/pages\/2840"}],"collection":[{"href":"http:\/\/www.sarahs-crazy-things.de\/index.php?rest_route=\/wp\/v2\/pages"}],"about":[{"href":"http:\/\/www.sarahs-crazy-things.de\/index.php?rest_route=\/wp\/v2\/types\/page"}],"author":[{"embeddable":true,"href":"http:\/\/www.sarahs-crazy-things.de\/index.php?rest_route=\/wp\/v2\/users\/1"}],"replies":[{"embeddable":true,"href":"http:\/\/www.sarahs-crazy-things.de\/index.php?rest_route=%2Fwp%2Fv2%2Fcomments&post=2840"}],"version-history":[{"count":26,"href":"http:\/\/www.sarahs-crazy-things.de\/index.php?rest_route=\/wp\/v2\/pages\/2840\/revisions"}],"predecessor-version":[{"id":3288,"href":"http:\/\/www.sarahs-crazy-things.de\/index.php?rest_route=\/wp\/v2\/pages\/2840\/revisions\/3288"}],"wp:attachment":[{"href":"http:\/\/www.sarahs-crazy-things.de\/index.php?rest_route=%2Fwp%2Fv2%2Fmedia&parent=2840"}],"curies":[{"name":"wp","href":"https:\/\/api.w.org\/{rel}","templated":true}]}}